{"id":15805,"date":"2021-02-08T19:48:12","date_gmt":"2021-02-08T19:48:12","guid":{"rendered":"https:\/\/rematmilitari.ro\/en\/?page_id=15805"},"modified":"2021-02-08T19:48:59","modified_gmt":"2021-02-08T19:48:59","slug":"politica-de-confidentialitate-2","status":"publish","type":"page","link":"https:\/\/rematmilitari.ro\/en\/politica-de-confidentialitate-2\/","title":{"rendered":"Politica de confiden\u0163ialitate"},"content":{"rendered":"<p>[vc_row css_animation=&#8221;&#8221; row_type=&#8221;row&#8221; use_row_as_full_screen_section=&#8221;no&#8221; type=&#8221;grid&#8221; angled_section=&#8221;no&#8221; text_align=&#8221;left&#8221; background_image_as_pattern=&#8221;without_pattern&#8221; padding_bottom=&#8221;90&#8243; z_index=&#8221;&#8221; css=&#8221;.vc_custom_1612813737465{padding-right: 35px !important;padding-left: 35px !important;}&#8221;][vc_column css=&#8221;.vc_custom_1612813662453{padding-top: 44px !important;padding-right: 22px !important;padding-bottom: 44px !important;padding-left: 22px !important;}&#8221;][vc_column_text css=&#8221;.vc_custom_1612813633164{padding-bottom: 55px !important;}&#8221;]<\/p>\n<p style=\"text-align: justify;\">Confiden\u021bialitatea vizitatorilor website-ului nostru este foarte important\u0103 pentru noi \u0219i ne lu\u0103m angajamentul s\u0103 o protej\u0103m. Aceast\u0103 politic\u0103 explic\u0103 ce vom face cu informa\u021biile dumneavoastr\u0103 personale.<\/p>\n<p style=\"text-align: justify;\">Acordarea consim\u021b\u0103m\u00e2ntului asupra utiliz\u0103rii cookie-urilor \u00een concordan\u021b\u0103 cu termenii acestei politici atunci c\u00e2nd vizita\u021bi website-ul nostru pentru prima dat\u0103, ne permite s\u0103 utiliz\u0103m cookie-uri de fiecare dat\u0103 c\u00e2nd vizita\u021bi website-ul nostru.<\/p>\n<p style=\"text-align: justify;\"><strong>Colectarea informa\u021biilor personale<\/strong><\/p>\n<p style=\"text-align: justify;\">Pot fi colectate, stocate \u0219i utilizate urm\u0103toarele tipuri de informa\u021bii personale:<\/p>\n<ol style=\"text-align: justify;\">\n<li>informa\u021bii despre computer, inclusiv adresa IP, loca\u021bia geografic\u0103, tipul \u0219i versiunea browser-ului \u0219i despre sistemul de operare;<\/li>\n<li>informa\u021bii despre vizitele \u0219i utilizarea acestui website, inclusiv sursa de recomandare, durata vizitei, vizualiz\u0103rile paginii \u0219i c\u0103ile de navigare pe website;<\/li>\n<li>informa\u021bii precum adresa dvs. de e-mail, pe care le introduce\u021bi atunci c\u00e2nd v\u0103 \u00eenregistra\u021bi pe website-ul nostru;<\/li>\n<li>informa\u021biile pe care le introduce\u021bi atunci c\u00e2nd crea\u021bi un profil pe website-ul nostru \u2013 de exemplu, numele dvs., pozele de profil, sexul, data na\u0219terii, starea civil\u0103, interese \u0219i hobby-uri, detalii academice \u0219i detalii despre ocupa\u021bie;<\/li>\n<li>informa\u021bii precum numele \u0219i adresa dvs. de e-mail, pe care le introduce\u021bi pentru a configura abon\u0103rile la e-mailurile \u0219i\/sau la buletinele noastre informative;<\/li>\n<li>informa\u021bii pe care le introduce\u021bi \u00een timp ce utiliza\u021bi serviciile de pe website-ul nostru;<\/li>\n<li>informa\u021bii care sunt generate \u00een timp ce utiliza\u021bi website-ul nostru, inclusiv despre c\u00e2nd, c\u00e2t de des \u0219i \u00een ce circumstan\u021be \u00eel utiliza\u021bi;<\/li>\n<li>informa\u021bii referitoare la orice achizi\u021bie efectuat\u0103, servicii utilizate sau tranzac\u021bii pe care le face\u021bi prin intermediul website-ului nostru, care pot include numele, adresa, num\u0103rul de telefon, adresa de e-mail \u0219i detaliile cardului bancar;<\/li>\n<li>informa\u021biile pe care le posta\u021bi pe website-ul nostru cu inten\u021bia de a le publica pe internet, care pot include numele dvs. de utilizator, imaginile de profil \u0219i con\u021binutul post\u0103rilor;<\/li>\n<li>informa\u021bii con\u021binute \u00een orice comunic\u0103ri ne trimite\u021bi prin e-mail sau prin intermediul website-ului nostru, inclusiv con\u021binutul comunic\u0103rilor \u0219i metadatele acestora;<\/li>\n<li>orice alte informa\u021bii personale pe care ni le trimite\u021bi.<\/li>\n<\/ol>\n<p style=\"text-align: justify;\">\u00cenainte de a ne divulga informa\u021biile personale ale unei alte persoane, trebuie s\u0103 ob\u021bine\u021bi consim\u021b\u0103m\u00e2ntul acelei persoanei at\u00e2t pentru divulgarea, c\u00e2t \u0219i pentru procesarea informa\u021biilor personale \u00een conformitate cu aceast\u0103 politic\u0103.<\/p>\n<p style=\"text-align: justify;\">\u00cen condi\u021biile prev\u0103zute de legisla\u021bia \u00een materia prelucr\u0103rii datelor cu caracter personal, \u00een calitate de persoane vizate, beneficia\u021bi de urm\u0103toarele drepturi:<\/p>\n<ul style=\"text-align: justify;\">\n<li>dreptul la informare, respectiv dreptul de a primi detalii privind activit\u0103\u021bile de prelucrare efectuate de c\u0103tre REMAT MILITARI, conform celor descrise \u00een prezentul document;<\/li>\n<li>dreptul de acces la date, respectiv dreptul de a ob\u021bine confirmarea din partea REMAT MILITARI cu privire la prelucrarea datelor cu caracter personal, precum \u0219i detalii privind activit\u0103\u021bile de prelucrare precum modalitatea \u00een care sunt prelucrate datele, scopul \u00een care se face prelucrarea, destinatarii sau categoriile de destinatari ai datelor, etc;<\/li>\n<li>dreptul la rectificare, respectiv dreptul de a ob\u021bine corectarea, f\u0103r\u0103 \u00eent\u00e2rzieri justificate, de c\u0103tre REMAT MILITARI a datelor cu caracter personal inexacte\/ nejustificate, precum \u0219i completarea datelor incomplete; Rectificarea\/ completarea va fi comunicat\u0103 fiec\u0103rui destinatar la care au fost transmise datele, cu excep\u021bia cazului \u00een care acest lucru se dovede\u0219te imposibil sau presupune eforturi dispropor\u021bionate.<\/li>\n<li>dreptul la \u0219tergerea datelor, f\u0103r\u0103 \u00eent\u00e2rzieri nejustificate, (\u201edreptul de a fi uitat\u201d), \u00een cazul in care se aplic\u0103 unul dintre urm\u0103toarele motive:\n<ul>\n<li>acestea nu mai sunt necesare pentru \u00eendeplinirea scopurilor pentru care au fost colectate sau prelucrate;<\/li>\n<li>\u00een cazul \u00een care este retras consim\u021b\u0103m\u00e2ntul \u0219i nu exist\u0103 niciun alt temei juridic pentru prelucrare;<\/li>\n<li>\u00een cazul \u00een care persoana vizat\u0103 se opune prelucr\u0103rii \u0219i nu exist\u0103 motive legitime care s\u0103 prevaleze;<\/li>\n<li>\u00een cazul \u00een care datele cu caracter personal au fost prelucrate ilegal;<\/li>\n<li>\u00een cazul \u00een care datele cu caracter personal trebuie \u0219terse pentru respectarea unei obliga\u021bii legale;<\/li>\n<li>datele cu caracter personal au fost colectate \u00een leg\u0103tur\u0103 cu oferirea de servicii ale societ\u0103\u021bii informa\u021bionale conform dreptului Uniunii sau al dreptului intern sub incidenta c\u0103ruia se afl\u0103 operatorul.<\/li>\n<\/ul>\n<\/li>\n<li>Este posibil ca, \u00een urma solicit\u0103rii de \u0219tergere a datelor, REMAT MILITARI s\u0103 anonimizeze aceste date (lipsindu-le astfel de caracterul personal) \u0219i s\u0103 continue \u00een aceste condi\u021bii prelucrarea pentru scopuri statistice;<\/li>\n<li>dreptul la restric\u021bionarea prelucr\u0103rii \u00een m\u0103sura \u00een care :\n<ul>\n<li>persoana contest\u0103 exactitatea datelor, pe o perioad\u0103 care ne permite verificarea corectitudinii datelor;<\/li>\n<li>prelucrarea este ilegal\u0103, iar persoana vizat\u0103 se opune \u0219tergerii datelor cu caracter personal, solicit\u00e2nd \u00een schimb restric\u021bionarea utiliz\u0103rii lor;<\/li>\n<li>operatorul nu mai are nevoie de datele cu caracter personal \u00een scopul prelucr\u0103rii, dar persoana vizat\u0103 i le solicit\u0103 pentru constatarea, exercitarea sau ap\u0103rarea unui drept \u00een instan\u021b\u0103; sau<\/li>\n<li>persoana vizat\u0103 s-a opus prelucr\u0103rii (altele dec\u00e2t cele de marketing direct), pentru intervalul de timp \u00een care se verific\u0103 dac\u0103 drepturile legitime ale operatorului prevaleaz\u0103 asupra celor ale persoanei vizate.<\/li>\n<\/ul>\n<\/li>\n<li>dreptul la portabilitatea datelor, respectiv (i) dreptul de a primi datele cu caracter personal \u00eentr-o modalitate structurat\u0103, folosit\u0103 \u00een mod obi\u0219nuit \u0219i \u00eentr-un format u\u0219or de citit, precum \u0219i (ii) dreptul ca aceste date s\u0103 fie transmise de c\u0103tre REMAT MILITARI c\u0103tre alt operator de date, \u00een m\u0103sura \u00een care sunt \u00eendeplinite condi\u021biile prev\u0103zute de lege;<\/li>\n<li>dreptul la opozi\u021bie \u2013 \u00een ceea ce prive\u0219te activit\u0103\u021bile de prelucrare se poate exercita prin transmiterea unei solicit\u0103ri conform celor indicate mai jos;\n<ul>\n<li>\u00een orice moment, din motive legate de situa\u021bia particular\u0103 \u00een care se afl\u0103 persoana vizat\u0103, ca datele care o vizeaz\u0103 s\u0103 fie prelucrate \u00een temeiul interesului legitim al REMAT MILITARI sau \u00een temeiul interesului public, cu excep\u021bia cazurilor \u00een care REMAT MILITARI poate demonstra c\u0103 are motive legitime \u0219i imperioase care justific\u0103 prelucarea \u0219i care prevaleaz\u0103 asupra intereselor, drepturilor \u0219i libert\u0103\u021bilor persoanelor vizate sau c\u0103 scopul este constatarea, exercitarea sau apararea unui drept \u00een instan\u021b\u0103;<\/li>\n<li><\/li>\n<\/ul>\n<\/li>\n<\/ul>\n<p style=\"text-align: justify;\">Ne rezerv\u0103m dreptul de a actualiza aceast\u0103 politic\u0103 din c\u00e2nd \u00een c\u00e2nd public\u00e2nd o versiune nou\u0103 pe website-ul nostru. Trebuie s\u0103 verifica\u021bi ocazional aceast\u0103 pagin\u0103 pentru a v\u0103 asigura c\u0103 \u00een\u021belege\u021bi orice modificare adus\u0103 acestei politici. V\u0103 putem anun\u021ba despre modific\u0103rile aduse acestei politici prin e-mail sau prin sistemul de mesagerie privat\u0103 de pe website-ul nostru.<\/p>\n<p style=\"text-align: justify;\">Site-ul nostru include hyperlink-uri c\u0103tre \u0219i detalii despre site-uri ter\u021be. Nu de\u021binem niciun control \u0219i nu de facem responsabili pentru politicile \u0219i practicile de confiden\u021bialitate ale ter\u021bilor.<\/p>\n<p>Majoritatea browser-elor v\u0103 permit s\u0103 refuza\u021bi s\u0103 accepta\u021bi cookie-uri \u2013 de exemplu:<\/p>\n<ol type=\"a\">\n<li>\u00een Internet Explorer (versiunea 10) pute\u021bi bloca cookie-urile utiliz\u00e2nd suprascrierea set\u0103rilor de manipulare a cookie-urilor, disponibile printr-un clic pe \u201eInstrumente\u201d, \u201eOp\u021biuni de Internet\u201d, \u201eConfiden\u021bialitate\u201d, apoi \u201eAvansat\u201d;<\/li>\n<li>\u00een Firefox (versiunea 24) pute\u021bi bloca toate cookie-urile f\u0103c\u00e2nd clic pe \u201eInstrumente\u201d, \u201eOp\u021biuni\u201d, \u201eConfiden\u021bialitate\u201d, select\u00e2nd \u201eUtiliza\u021bi set\u0103ri personalizate pentru istoric\u201d din meniul derulant \u0219i debif\u00e2nd \u201eAccepta\u021bi cookie-uri de la website-uri\u201d; \u0219i<\/li>\n<li>\u00een Chrome (versiunea 29), pute\u021bi bloca toate cookie-urile acces\u00e2nd meniul \u201ePersonalizare \u0219i control\u201d, f\u0103c\u00e2nd clic pe \u201eSet\u0103ri\u201d, \u201eAfi\u0219a\u021bi set\u0103rile avansate\u201d \u0219i pe \u201eSet\u0103ri de con\u021binut\u201d, apoi select\u00e2nd \u201eBloca\u021bi site-urile s\u0103 trimit\u0103 orice date\u201d la rubrica \u201eCookie-uri\u201d.<\/li>\n<\/ol>\n<p>[\/vc_column_text][\/vc_column][\/vc_row][vc_row css_animation=&#8221;&#8221; row_type=&#8221;row&#8221; use_row_as_full_screen_section=&#8221;no&#8221; type=&#8221;full_width&#8221; angled_section=&#8221;no&#8221; text_align=&#8221;left&#8221; background_image_as_pattern=&#8221;without_pattern&#8221;][vc_column][vc_separator type=&#8221;transparent&#8221; thickness=&#8221;22&#8243;][\/vc_column][\/vc_row]<\/p>\n","protected":false},"excerpt":{"rendered":"<p>[vc_row css_animation=&#8221;&#8221; row_type=&#8221;row&#8221; use_row_as_full_screen_section=&#8221;no&#8221; type=&#8221;grid&#8221; angled_section=&#8221;no&#8221; text_align=&#8221;left&#8221; background_image_as_pattern=&#8221;without_pattern&#8221; padding_bottom=&#8221;90&#8243; z_index=&#8221;&#8221; css=&#8221;.vc_custom_1612813737465{padding-right: 35px !important;padding-left: 35px !important;}&#8221;][vc_column css=&#8221;.vc_custom_1612813662453{padding-top: 44px !important;padding-right: 22px !important;padding-bottom: 44px !important;padding-left: 22px !important;}&#8221;][vc_column_text css=&#8221;.vc_custom_1612813633164{padding-bottom: 55px !important;}&#8221;] Confiden\u021bialitatea vizitatorilor website-ului nostru este foarte important\u0103 pentru noi \u0219i ne lu\u0103m angajamentul s\u0103 o protej\u0103m. Aceast\u0103 politic\u0103&#8230;<\/p>\n","protected":false},"author":1,"featured_media":0,"parent":0,"menu_order":0,"comment_status":"open","ping_status":"open","template":"","meta":[],"yoast_head":"<!-- This site is optimized with the Yoast SEO plugin v15.7 - https:\/\/yoast.com\/wordpress\/plugins\/seo\/ -->\n<meta name=\"robots\" content=\"index, follow, max-snippet:-1, max-image-preview:large, max-video-preview:-1\" \/>\n<link rel=\"canonical\" href=\"https:\/\/rematmilitari.ro\/en\/politica-de-confidentialitate-2\/\" \/>\n<meta property=\"og:locale\" content=\"en_US\" \/>\n<meta property=\"og:type\" content=\"article\" \/>\n<meta property=\"og:title\" content=\"Politica de confiden\u0163ialitate - REMAT Militari\" \/>\n<meta property=\"og:description\" content=\"[vc_row css_animation=&#8221;&#8221; row_type=&#8221;row&#8221; use_row_as_full_screen_section=&#8221;no&#8221; type=&#8221;grid&#8221; angled_section=&#8221;no&#8221; text_align=&#8221;left&#8221; background_image_as_pattern=&#8221;without_pattern&#8221; padding_bottom=&#8221;90&#8243; z_index=&#8221;&#8221; css=&#8221;.vc_custom_1612813737465{padding-right: 35px !important;padding-left: 35px !important;}&#8221;][vc_column css=&#8221;.vc_custom_1612813662453{padding-top: 44px !important;padding-right: 22px !important;padding-bottom: 44px !important;padding-left: 22px !important;}&#8221;][vc_column_text css=&#8221;.vc_custom_1612813633164{padding-bottom: 55px !important;}&#8221;] Confiden\u021bialitatea vizitatorilor website-ului nostru este foarte important\u0103 pentru noi \u0219i ne lu\u0103m angajamentul s\u0103 o protej\u0103m. Aceast\u0103 politic\u0103...\" \/>\n<meta property=\"og:url\" content=\"https:\/\/rematmilitari.ro\/en\/politica-de-confidentialitate-2\/\" \/>\n<meta property=\"og:site_name\" content=\"REMAT Militari\" \/>\n<meta property=\"article:modified_time\" content=\"2021-02-08T19:48:59+00:00\" \/>\n<meta name=\"twitter:card\" content=\"summary_large_image\" \/>\n<meta name=\"twitter:label1\" content=\"Est. reading time\">\n\t<meta name=\"twitter:data1\" content=\"7 minutes\">\n<script type=\"application\/ld+json\" class=\"yoast-schema-graph\">{\"@context\":\"https:\/\/schema.org\",\"@graph\":[{\"@type\":\"WebSite\",\"@id\":\"https:\/\/rematmilitari.ro\/en\/#website\",\"url\":\"https:\/\/rematmilitari.ro\/en\/\",\"name\":\"REMAT Militari\",\"description\":\"\",\"potentialAction\":[{\"@type\":\"SearchAction\",\"target\":\"https:\/\/rematmilitari.ro\/en\/?s={search_term_string}\",\"query-input\":\"required name=search_term_string\"}],\"inLanguage\":\"en-US\"},{\"@type\":\"WebPage\",\"@id\":\"https:\/\/rematmilitari.ro\/en\/politica-de-confidentialitate-2\/#webpage\",\"url\":\"https:\/\/rematmilitari.ro\/en\/politica-de-confidentialitate-2\/\",\"name\":\"Politica de confiden\\u0163ialitate - REMAT Militari\",\"isPartOf\":{\"@id\":\"https:\/\/rematmilitari.ro\/en\/#website\"},\"datePublished\":\"2021-02-08T19:48:12+00:00\",\"dateModified\":\"2021-02-08T19:48:59+00:00\",\"inLanguage\":\"en-US\",\"potentialAction\":[{\"@type\":\"ReadAction\",\"target\":[\"https:\/\/rematmilitari.ro\/en\/politica-de-confidentialitate-2\/\"]}]}]}<\/script>\n<!-- \/ Yoast SEO plugin. -->","_links":{"self":[{"href":"https:\/\/rematmilitari.ro\/en\/wp-json\/wp\/v2\/pages\/15805"}],"collection":[{"href":"https:\/\/rematmilitari.ro\/en\/wp-json\/wp\/v2\/pages"}],"about":[{"href":"https:\/\/rematmilitari.ro\/en\/wp-json\/wp\/v2\/types\/page"}],"author":[{"embeddable":true,"href":"https:\/\/rematmilitari.ro\/en\/wp-json\/wp\/v2\/users\/1"}],"replies":[{"embeddable":true,"href":"https:\/\/rematmilitari.ro\/en\/wp-json\/wp\/v2\/comments?post=15805"}],"version-history":[{"count":4,"href":"https:\/\/rematmilitari.ro\/en\/wp-json\/wp\/v2\/pages\/15805\/revisions"}],"predecessor-version":[{"id":15810,"href":"https:\/\/rematmilitari.ro\/en\/wp-json\/wp\/v2\/pages\/15805\/revisions\/15810"}],"wp:attachment":[{"href":"https:\/\/rematmilitari.ro\/en\/wp-json\/wp\/v2\/media?parent=15805"}],"curies":[{"name":"wp","href":"https:\/\/api.w.org\/{rel}","templated":true}]}}